{"id":2,"date":"2014-09-23T11:43:00","date_gmt":"2014-09-23T09:43:00","guid":{"rendered":"http:\/\/bibelstudium.ch\/b-sbs\/?page_id=2"},"modified":"2015-03-25T09:18:02","modified_gmt":"2015-03-25T07:18:02","slug":"beispiel-seite","status":"publish","type":"page","link":"http:\/\/bibelstudium.ch\/b-sbs\/?page_id=2","title":{"rendered":"bibelstudium"},"content":{"rendered":"<h4><a href=\"http:\/\/bibelstudium.ch\/b-sbs\/wp-content\/uploads\/2014\/09\/Prospekt-thumb-04.jpg\"><img decoding=\"async\" loading=\"lazy\" class=\"alignleft wp-image-121 size-full\" src=\"http:\/\/bibelstudium.ch\/b-sbs\/wp-content\/uploads\/2014\/09\/Prospekt-thumb-04.jpg\" alt=\"Prospekt-thumb-04\" width=\"156\" height=\"350\" \/><\/a>. . . geschieht nicht einfach so &#8230;<\/h4>\n<p>Vor vielen Jahren hat einmal Karl Barth, ein bedeutender Theologe des 20. Jahrhunderts, das Folgende gesagt, respektive geschrieben:<\/p>\n<p style=\"text-align: center;\"><em><strong>Wir werden in der Bibel gerade soviel finden, als wir suchen:<\/strong><\/em><br \/>\n<em><strong> gro\u00dfes und g\u00f6ttliches,<\/strong><\/em><br \/>\n<em><strong> wenn wir gro\u00dfes und g\u00f6ttliches suchen;<\/strong><\/em><br \/>\n<em><strong> wichtiges und historisches,<\/strong><\/em><br \/>\n<em><strong> wenn wir wichtiges und historisches suchen;<\/strong><\/em><br \/>\n<em><strong> \u00fcberhaupt nichts,<\/strong><\/em><br \/>\n<em><strong> wenn wir \u00fcberhaupt nichts suchen<\/strong><\/em><\/p>\n<p>\u00a0Damit hat er einen f\u00fcr uns als Christen wesentlichen Punkt deutlich gemacht. Bibelstudium &#8222;geschieht&#8220; nicht einfach so, sondern es verlangt nach Aufmerksamkeit, und nach einem zielgerichteten Handeln und aktivem Tun.<br \/>\nDies ist unser grosses Anliegen, Menschen zu helfen mit einigen einfachen Werkzeugen aus ihrer Bibel und mit ihren Mitteln immer wieder neues herausholen zu k\u00f6nnen. Nicht damit man einfach etwas neues weiss, sondern damit Gott immer wieder neu gerade durch unser Bibelstudium zu uns reden kann.<\/p>\n<p>Letztlich geht es in der Bibel darum, dass wir wissen wie wir denn mit Gott in dieser Welt leben sollen. Aber sie ist nicht einfach ein &#8222;Leitfaden&#8220; der auswendig gelernt werden kann, sondern ein Buch, das letztlich die Offenbarung von Gott \u00fcber sich selbst an uns Menschen enth\u00e4lt. Diese Offenbarung, und unsere Reaktion darauf, ist das, was ein Leben als Christ pr\u00e4gt.<\/p>\n<p>Das bedeutet aber f\u00fcr uns, dass wir eigentlich die gesamte Bibel kennen, und noch mehr, sie auch verstehen sollten. Ohne das ist an eine Umsetzung nicht zu denken. Genau das fehlt aber vielen von uns als Christen: ein gesundes und vollst\u00e4ndiges Verst\u00e4ndnis der Bibel. Dazu m\u00f6chten wir nat\u00fcrlich auch mit diesen Seiten und nat\u00fcrlich auch mit unseren Kursen beitragen.<\/p>\n<p>Aber es sollte dann nicht bloss beim &#8222;Wissen&#8220; bleiben, sondern eben zum Leben im Alltag f\u00fchren. Oder wie es Karl Barth auch gesagt hat:<\/p>\n<p style=\"text-align: center;\"><em><strong>Wie wir beten sollen, lernen wir in der Bibel<\/strong><\/em><br \/>\n<em><strong>Was wir beten sollen, sehen wir in der Zeitung<\/strong><\/em><\/p>\n<p>Und nach dem Beten kommt ja dann bekanntlich das Tun &#8230; <em>(Ora et Labora)<\/em><\/p>\n<p>Das SBS-Team<\/p>\n","protected":false},"excerpt":{"rendered":"<p>. . . geschieht nicht einfach so &#8230; Vor vielen Jahren hat einmal Karl Barth, ein bedeutender Theologe des 20. Jahrhunderts, das Folgende gesagt, respektive geschrieben: Wir werden in der Bibel gerade soviel finden, als wir suchen: gro\u00dfes und g\u00f6ttliches, wenn wir gro\u00dfes und g\u00f6ttliches suchen; wichtiges und historisches, wenn wir wichtiges und historisches suchen; &hellip; <a href=\"http:\/\/bibelstudium.ch\/b-sbs\/?page_id=2\" class=\"more-link\"><span class=\"screen-reader-text\">bibelstudium<\/span> weiterlesen <span class=\"meta-nav\">&rarr;<\/span><\/a><\/p>\n","protected":false},"author":1,"featured_media":0,"parent":0,"menu_order":0,"comment_status":"closed","ping_status":"closed","template":"","meta":[],"_links":{"self":[{"href":"http:\/\/bibelstudium.ch\/b-sbs\/index.php?rest_route=\/wp\/v2\/pages\/2"}],"collection":[{"href":"http:\/\/bibelstudium.ch\/b-sbs\/index.php?rest_route=\/wp\/v2\/pages"}],"about":[{"href":"http:\/\/bibelstudium.ch\/b-sbs\/index.php?rest_route=\/wp\/v2\/types\/page"}],"author":[{"embeddable":true,"href":"http:\/\/bibelstudium.ch\/b-sbs\/index.php?rest_route=\/wp\/v2\/users\/1"}],"replies":[{"embeddable":true,"href":"http:\/\/bibelstudium.ch\/b-sbs\/index.php?rest_route=%2Fwp%2Fv2%2Fcomments&post=2"}],"version-history":[{"count":16,"href":"http:\/\/bibelstudium.ch\/b-sbs\/index.php?rest_route=\/wp\/v2\/pages\/2\/revisions"}],"predecessor-version":[{"id":208,"href":"http:\/\/bibelstudium.ch\/b-sbs\/index.php?rest_route=\/wp\/v2\/pages\/2\/revisions\/208"}],"wp:attachment":[{"href":"http:\/\/bibelstudium.ch\/b-sbs\/index.php?rest_route=%2Fwp%2Fv2%2Fmedia&parent=2"}],"curies":[{"name":"wp","href":"https:\/\/api.w.org\/{rel}","templated":true}]}}