{"id":21,"date":"2014-09-23T16:25:51","date_gmt":"2014-09-23T14:25:51","guid":{"rendered":"http:\/\/bibelstudium.ch\/b-sbs\/?page_id=21"},"modified":"2015-06-12T19:02:45","modified_gmt":"2015-06-12T17:02:45","slug":"literatur","status":"publish","type":"page","link":"http:\/\/bibelstudium.ch\/b-sbs\/?page_id=21","title":{"rendered":"literatur"},"content":{"rendered":"<p><a href=\"http:\/\/bibelstudium.ch\/b-sbs\/wp-content\/uploads\/2014\/09\/Bibel-m-Brille-156px.png\"><img decoding=\"async\" loading=\"lazy\" class=\"alignleft wp-image-150 size-full\" src=\"http:\/\/bibelstudium.ch\/b-sbs\/wp-content\/uploads\/2014\/09\/Bibel-m-Brille-156px.png\" alt=\"Bibel-m-Brille-156px\" width=\"156\" height=\"156\" srcset=\"http:\/\/bibelstudium.ch\/b-sbs\/wp-content\/uploads\/2014\/09\/Bibel-m-Brille-156px.png 156w, http:\/\/bibelstudium.ch\/b-sbs\/wp-content\/uploads\/2014\/09\/Bibel-m-Brille-156px-150x150.png 150w\" sizes=\"(max-width: 156px) 100vw, 156px\" \/><\/a>Hier sind einige Buchempfehlungen. B\u00fccher, welche beim Bibelstudium von grossem Nutzen sind. Die B\u00fccher sind entweder f\u00fcr das Arbeiten an Bibelb\u00fcchern von Nutzen, oder aber um sich Hintergrundwissen anzueignen oder es zu vertiefen.<br \/>\nIn der Regel sind diese B\u00fccher sind nicht kompliziert, fordern aber doch zum aktiven Mitdenken auf. Sie sind sprachlich gut verst\u00e4ndlich und meist auch nicht allzu umfangreich, so dass sie sich f\u00fcr das eigene Bibelstudium als Werkzeuge gut eignen.<br \/>\n<em>(Wir verkaufen keines dieser B\u00fccher, bitte den Buchhandel direkt oder online konsultieren)<\/em><\/p>\n<h4>Lexikon zur Bibel (sehr empfohlen f\u00fcr die b-sbs)<\/h4>\n<p><a href=\"http:\/\/bibelstudium.ch\/b-sbs\/wp-content\/uploads\/2014\/09\/buch-d-lexion-zur-bibel.jpg\"><img decoding=\"async\" loading=\"lazy\" class=\"alignleft wp-image-84 size-full\" src=\"http:\/\/bibelstudium.ch\/b-sbs\/wp-content\/uploads\/2014\/09\/buch-d-lexion-zur-bibel.jpg\" alt=\"buch-d-lexion-zur-bibel\" width=\"130\" height=\"188\" \/><\/a>Ein kompaktes, einb\u00e4ndiges Lexikon, welches sich vorz\u00fcglich als Arbeitsbuch f\u00fcr das Bibelstudium eignet. Das Lexikon wurde komplett \u00fcberarbeitet, ist nun vierfarbig illustriert und hat \u00fcber 800 farbige Fotos zur biblischen Arch\u00e4ologie, Geographie und dem Alltagsleben. Hinzu kommen farbige Diagramme, Tabellen und ein komplett neu erstelltes Kartenwerk mit \u00fcber 50 Landkarten. Biblische Orte sind mit Geodaten versehen und k\u00f6nnen so auch bei Google Maps gefunden werden. Die Artikel wurden auf den neuesten Forschungsstand gebracht und ber\u00fccksichtigen j\u00fcngste arch\u00e4ologische Funde. Die Texte wurden sprachlich bearbeitet und um weitere Artikel erg\u00e4nzt. Der Grundcharakter eines zuverl\u00e4ssigen Nachschlagewerks, das auf solider biblischer Theologie beruht, bleibt voll erhalten. Gegen\u00fcber der vorherigen Version mit ca. 6000 Artikeln ist die neue \u00dcberarbeitung umfangreicher geworden, und nat\u00fcrlich ist der ehemals g\u00fcnstige Preis von ca. Fr. 37.- mit der neuen Version nicht mehr m\u00f6glich. Trotzdem erh\u00e4lt man auch jetzt nichts besseres in diesem Umfang und f\u00fcr diesen Preis.<br \/>\nISBN: 978-3-417-26550-7<br \/>\nVerlag: Brockhaus\/Brunnen<br \/>\nAutor: Fritz Rienecker \/ Gerhard Maier \/ Ulrich Wendel \/ Alexander Schick<br \/>\nPreis: ca. Fr. 67.-<\/p>\n<h4>Das Grosse Bibellexikon (2 B\u00e4nde)<\/h4>\n<p><a href=\"http:\/\/bibelstudium.ch\/b-sbs\/wp-content\/uploads\/2014\/09\/buch-d-das-grosse-bibellexikon-2-baende.jpg\"><img decoding=\"async\" loading=\"lazy\" class=\"alignleft wp-image-80 size-full\" src=\"http:\/\/bibelstudium.ch\/b-sbs\/wp-content\/uploads\/2014\/09\/buch-d-das-grosse-bibellexikon-2-baende.jpg\" alt=\"buch-d-das-grosse-bibellexikon-2-baende\" width=\"130\" height=\"183\" \/><\/a>F\u00fcr all diejenigen, die es gerne etwas umfangreicher haben als im &#8222;Lexikon zur Bibel&#8220; und die auch gerne mehr Grafiken und Bilder zur Hand haben m\u00f6chten, empfiehlt sich die neuere Ausgabe des Grossen Bibellexikons in zwei B\u00e4nden. Fr\u00fcher in drei, zwischendurch als wirklich heftiges Buch in einem Band erh\u00e4ltlich, sind nun die vielen Informationen in zwei B\u00e4nden im Schuber herausgegeben worden. 3000 Stichworte &#8211; 2500 Artikel &#8211; 1500 Abbildungen, Karten, Diagramme etc.<br \/>\nISBN: 3-417-26300-X<br \/>\nISBN-13: 978-3-417-26300-8<br \/>\nVerlag: SCM R. Brockhaus Verlag<br \/>\nHerausgeber: Helmut Burkhardt, Fritz Gr\u00fcnzweig, Fritz Laubach, Gerhard Maier<br \/>\nPreis: ca. Fr. 97.-<\/p>\n<h4>\u00a0Atlas Bibel &amp; Geschichte des Christentums (auch f\u00fcr b-sbs)<\/h4>\n<p><a href=\"http:\/\/bibelstudium.ch\/b-sbs\/wp-content\/uploads\/2014\/09\/buch-d-atlas-bibel-u-geschichte-des-christentums.jpg\"><img decoding=\"async\" loading=\"lazy\" class=\"alignleft wp-image-73 size-full\" src=\"http:\/\/bibelstudium.ch\/b-sbs\/wp-content\/uploads\/2014\/09\/buch-d-atlas-bibel-u-geschichte-des-christentums.jpg\" alt=\"buch-d-atlas-bibel-u-geschichte-des-christentums\" width=\"130\" height=\"186\" \/><\/a>Ein (leider unregelm\u00e4ssig erscheinender) Bibelatlas, der zu den, historisch geordneten, geografischen Informationen auch nach der Zeit der Bibel weiter in die Zeit der Kirchengeschichte hinein reicht. Gute Karten und Artikel und eigentlich schon fast ein Muss f\u00fcr das Bibelstudium. <em>Mit Bibelatlanten gibt es im Buchhandel punkto \u201cVerf\u00fcgbarkeit\u201d immer etwas ein Problem. Mal ist ein Atlas zu haben, mal wieder nicht. Mal ist er teurer, mal billiger. Hier muss man also immer etwas improvisieren. Falls also dieser Atlas nicht verf\u00fcgbar ist, kann man gut auch auf andere, einfache Atlanten (m\u00f6glichst nicht allzu umfangreich) ausweichen.<\/em> Zum Beispiel im Moment (2014) der Brunnen Bibelatlas, der f\u00fcr ca. Fr. 20.- zu haben ist. Tim Dowley als Autor ist immer eine gute Wahl.<br \/>\nISBN: 978-3-417-26263-6<br \/>\nVerlag: Brockhaus\/Haan<br \/>\nHerausgeber: Tim Dowley<br \/>\nPreis: ca. Fr. 23.-<\/p>\n<h4>Effektives Bibelstudium (empfohlen f\u00fcr die b-sbs)<\/h4>\n<p><a href=\"http:\/\/bibelstudium.ch\/b-sbs\/wp-content\/uploads\/2014\/09\/buch-d-effektives-bibelstudium.jpg\"><img decoding=\"async\" loading=\"lazy\" class=\"alignleft wp-image-81 size-full\" src=\"http:\/\/bibelstudium.ch\/b-sbs\/wp-content\/uploads\/2014\/09\/buch-d-effektives-bibelstudium.jpg\" alt=\"buch-d-effektives-bibelstudium\" width=\"130\" height=\"188\" \/><\/a>Ein sehr hilfreicher Einstieg in die Arbeit der Bibelauslegung, und eine Hilfe, wie man mit den sehr verschiedenen Gattungen der B\u00fccher in der Bibel umgehen kann. Fee &amp; Stuart helfen dem Leser, sich auch \u00fcber die Absicht der Bibelb\u00fccher Gedanken zu machen, und damit ein Werkzeug zu erhalten, einen richtigen Zugang zu den B\u00fcchern der Bibel zu finden. Nat\u00fcrlich bleibt dann die Arbeit der Auslegung immer noch zu tun, aber man kann es viel effizienter tun.<br \/>\nISBN: 978-3-7655-1351-0<br \/>\nVerlag: Brockhaus\/Brunnen<br \/>\nAutor: Gordon D. Fee \/ Douglas Stuart<br \/>\nPreis: ca. Fr. 37.-<\/p>\n<h4>Bibelkunde Neues Testament<\/h4>\n<p><a href=\"http:\/\/bibelstudium.ch\/b-sbs\/wp-content\/uploads\/2014\/09\/buch-d-bibelkunde-nt-wick.jpg\"><img decoding=\"async\" loading=\"lazy\" class=\"alignleft wp-image-77 size-full\" src=\"http:\/\/bibelstudium.ch\/b-sbs\/wp-content\/uploads\/2014\/09\/buch-d-bibelkunde-nt-wick.jpg\" alt=\"buch-d-bibelkunde-nt-wick\" width=\"130\" height=\"86\" \/><\/a>Eine \u00dcbersicht in Tabellen- und Textform \u00dcber alle B\u00fccher des Neuen Testaments von Prof. Peter Wick. Zur Vertiefung von Bibelwissen und als \u00dcberblick. Peter Wick behandelt in diesem Buch sowohl den Inhalt als auch den Aufbau der B\u00fccher, und nat\u00fcrlich auch die Fragen, die sich mit dem historischen Zusammenhang auseinander setzen, in welchem die B\u00fccher entstanden sind. Diese Art der Buch\u00fcbersichten hat Peter Wick anhand von den Kursen, die wir schon seit 1984 anbieten \u00fcbernommen, und eben als Buch publiziert, er hat also f\u00fcr dieses Buch gleich gearbeitet, wie wir es hier in der SBS tun.<br \/>\nISBN-10: 3-17-018137-3<br \/>\nVerlag: Kohlhammer Verlag<br \/>\nAutor: Prof. Dr. Peter Wick<br \/>\nPreis: ca. Fr. 22.-<\/p>\n<h4>Apostel, Lehrer und Propheten<\/h4>\n<p><a href=\"http:\/\/bibelstudium.ch\/b-sbs\/wp-content\/uploads\/2014\/09\/buch-d-apostel-lehrer-propheten-1-band.jpg\"><img decoding=\"async\" loading=\"lazy\" class=\"alignleft wp-image-72 size-full\" src=\"http:\/\/bibelstudium.ch\/b-sbs\/wp-content\/uploads\/2014\/09\/buch-d-apostel-lehrer-propheten-1-band.jpg\" alt=\"buch-d-apostel-lehrer-propheten-1-band\" width=\"130\" height=\"190\" \/><\/a>Eine Einf\u00fchrung in das Neue Testament (ehemals in 3 B\u00e4nden als Taschenb\u00fccher) seit 2012 in einem Band fest gebunden. Als Hintergrund zur eigenen Arbeit an Bibelb\u00fcchern sehr geeignet. Thomas Weissenborn f\u00fchrt gr\u00fcndlich und methodisch durch die B\u00fccher des Neuen Testaments. Er beleuchtet sowohl den geschichtlichen und literarischen Rahmen der B\u00fccher, als auch den Inhalt und die speziellen Aspekte jedes einzelnen Buches. Dabei spricht er auch Themen an, die in der theologischen Welt kontrovers diskutiert werden. Das Buch ist auch f\u00fcr Laien verst\u00e4ndlich, ohne dass es dabei aber oberfl\u00e4chlich wird.<br \/>\nISBN: 978-3-86827-323-6<br \/>\nVerlag: Francke Verlag<br \/>\nAutor: Thomas Weissenborn<br \/>\nPreis: ca. Fr. 35.- (fru\u0308her betrugen die Kosten pro Band fast soviel)<\/p>\n<h4>2000 Jahre Kirchengeschichte<\/h4>\n<p><a href=\"http:\/\/bibelstudium.ch\/b-sbs\/wp-content\/uploads\/2014\/09\/buch-d-2000-jahre-kirchengeschichte.jpg\"><img decoding=\"async\" loading=\"lazy\" class=\"alignleft wp-image-71 size-full\" src=\"http:\/\/bibelstudium.ch\/b-sbs\/wp-content\/uploads\/2014\/09\/buch-d-2000-jahre-kirchengeschichte.jpg\" alt=\"buch-d-2000-jahre-kirchengeschichte\" width=\"130\" height=\"189\" \/><\/a>Eine sehr gute Einf\u00fchrung in die Kirchengeschichte von Prof. Armin Sierszyn. Ehemals in 4 B\u00e4nden als Taschenb\u00fccher, nun seit 2013 gebunden in einem Buch. Armin Sierszyn erl\u00e4utert die Entwicklung der Kirche von der Entstehung der ersten Gemeinden bis in die heutige Zeit. Der Inhalt deckt die Anf\u00e4nge der Kirche bis zum Untergang des westr\u00f6mischen Reichs ab, dann die Zeit des Mittelalters bis zur Reformation (ca. 500 &#8211; 1500). Weiter die Zeit der Reformation und Gegenreformation, wie auch die Neuzeit vom 17. Bis ins 20. Jahrhundert. S\u00e4mtliche wichtigen &#8222;Stationen&#8220; werden also beleuchtet. Trotz diesen vielen Informationen ist das Buch auch f\u00fcr Laien interessant und vorallem verst\u00e4ndlich. Ein Buch das man, mit der entsprechenden Geduld, an einem St\u00fcck durchlesen, oder auch als Nachschlagewerk immer wieder zur Hand nehmen kann. Das gesamte Werk ist also auch f\u00fcr nicht-Theologen sehr gut geeignet und vor allem lehrreich.<br \/>\nISBN: 978-3-417-26471-5<br \/>\nVerlag: SCM Brockhaus-Verlag (vormals beim H\u00e4nssler Verlag)<br \/>\nAutor: Armin Sierszyn<br \/>\nPreis: ca. Fr. 75.- (vorher mit 4 B\u00e4nden um einiges teurer)<\/p>\n<h4>Das Alte Testament<\/h4>\n<p><a href=\"http:\/\/bibelstudium.ch\/b-sbs\/wp-content\/uploads\/2014\/09\/buch-d-das-alte-testament.jpg\"><img decoding=\"async\" loading=\"lazy\" class=\"alignleft wp-image-79 size-full\" src=\"http:\/\/bibelstudium.ch\/b-sbs\/wp-content\/uploads\/2014\/09\/buch-d-das-alte-testament.jpg\" alt=\"buch-d-das-alte-testament\" width=\"130\" height=\"189\" \/><\/a>Eine Einf\u00fchrung in das Alte Testament. Als Hintergrund zur eigenen Arbeit an Bibelb\u00fcchern sehr geeignet. Die Autoren LaSor, Hubbard, Bush sind Professoren f\u00fcr Altes Testament am Fuller Theological Seminary. Deutscher Herausgeber Dr. Helmut Egelkraut, Professor f\u00fcr Theologie und Mission an der Columbia International University. Das Buch beleuchtet Einleitungsfragen der Bibel, Geschichte des Volkes Israel (und umliegender V\u00f6lker) und alttestamentliche Theologie. Die mittlerweise vierte Auflage ist auf dem aktuellen Stand der wissenschaftlichen Forschung. Das Buch ist mittlerweile zu einem Standardwerk f\u00fcr Altes Testament geworden. Trotzdem ist es auch f\u00fcr Nichttheologen gut lesbar und verst\u00e4ndlich, wenn man das n\u00f6tige Interesse mitbringt. Das Buch ist nun wieder lieferbar und zwar in der f\u00fcnften, vollst\u00e4ndig \u00fcberarbeiteten Auflage unter der Mitarbeit von Helmuth Egelkraut.<br \/>\nISBN: 978-3-7655-9559-2<br \/>\nVerlag: Brunnen Verlag, Reihe: TVG-Lehrb\u00fccher<br \/>\nAutoren: William S. LaSor \/ David A. Hubbard \/ Frederic W. Bush \/ Helmuth Egelkraut<br \/>\nPreis: ca. Fr. 96.-<\/p>\n<h4>Einleitung in das Neue Testament<\/h4>\n<p><a href=\"http:\/\/bibelstudium.ch\/b-sbs\/wp-content\/uploads\/2014\/09\/buch-d-einleitung-in-das-nt.jpg\"><img decoding=\"async\" loading=\"lazy\" class=\"alignleft wp-image-82 size-full\" src=\"http:\/\/bibelstudium.ch\/b-sbs\/wp-content\/uploads\/2014\/09\/buch-d-einleitung-in-das-nt.jpg\" alt=\"buch-d-einleitung-in-das-nt\" width=\"130\" height=\"190\" \/><\/a>Eine Einf\u00fchrung in das Neue Testament als Parallele zu dem obgenannten \u201cDas Alte Testament\u201d gedacht. Wer tiefer in die Welt des NT eindringen will, findet hier eine gute Einstiegslekt\u00fcre von den Theologen Donald A. Carson und Douglas J. Moo. Sie betrachten besonders die historischen Fragen wie Verfasserschaft, Entstehungszeit, Quellen, Anlass und Empf\u00e4nger der Schriften des NT ausf\u00fchrlich und nicht unkritisch. Es geht also in erster Linie um die Fragen, die den Rahmen der jeweiligen B\u00fccher versuchen abzustecken. Zugleich werden die Fragen aber dem Gesamtzeugnis der Heiligen Schrift verpflichtet dargestellt. Der besondere Reiz dieser Einleitung liegt in der Sicht, die von &#8222;au\u00dferhalb&#8220; des Horizonts deutscher Theologie Licht auf diese wichtigen Fragen wirft. Ideal ist es nat\u00fcrlich, diese Einleitung und auch diejenige von Thomas Weissenborn (oben) gemeinsam zu \u201ckonsultieren\u201d.<br \/>\nISBN: 978-3-7655-9541-7<br \/>\nVerlag: Brunnen Verlag, Reihe: TVG-Lehrb\u00fccher<br \/>\nAutoren: D.A. Carson \/ Douglas J. Moo<br \/>\nPreis: ca. Fr. 75.-<\/p>\n<p>und nat\u00fcrlich noch &#8230;<\/p>\n<h4>Die Bibel (f\u00fcr die b-sbs die Elberfelder-Bibel)<\/h4>\n<p><a href=\"http:\/\/bibelstudium.ch\/b-sbs\/wp-content\/uploads\/2014\/09\/buch-d-bibel-elberfelder.jpg\"><img decoding=\"async\" loading=\"lazy\" class=\"alignleft wp-image-74 size-full\" src=\"http:\/\/bibelstudium.ch\/b-sbs\/wp-content\/uploads\/2014\/09\/buch-d-bibel-elberfelder.jpg\" alt=\"buch-d-bibel-elberfelder\" width=\"130\" height=\"200\" \/><\/a>Als Bibel\u00fcbersetzung empfiehlt sich eine, die nahe am Urtext steht, damit man noch etwas vom Hebr\u00e4ischen oder Griechischen Text sp\u00fcrt, der dahinter steckt. Im Deutschen Sprachraum empfehlen wir die Revidierte Elberfelder (verwenden wir in unseren Unterlagen), die revidierte Lutherbibel, oder die Neue Z\u00fcrcher Bibel.<br \/>\nWichtig ist, dass der Druck m\u00f6glichst wenig vom eigentlichen Text, also vom Lesen ablenkt. Fl\u00fcssiges Lesen soll m\u00f6glich sein, Parallelstellen oder Erkl\u00e4rungen am Besten ausserhalb vom Text, m\u00f6glichst wenig Titel im Text (sie sind von den Herausgebern). Mehr dazu in der Einf\u00fchrung zur Methode, welche wir nat\u00fcrlich in unseren Kursen genau anschauen.<\/p>\n<p>\u00dcber Preise und Verf\u00fcgbarkeit informieren Sie sich am besten im Buchhandel.<\/p>\n<p>Neben unserem Vorschlag &#8222;Elberfelder&#8220; sind also auch die Luther- oder Z\u00fcrcher-Bibel sehr gut f\u00fcr ein genaues Bibelstudium geeignet.<br \/>\nAlle drei \u00dcbersetzungen sind auf ihre Art etwas &#8222;gew\u00f6hnungsbed\u00fcrftig&#8220; aber versuchen eben den urspr\u00fcnglichen Text so wortgetreu wie m\u00f6glich in unsere Sprache zu \u00fcbertragen. Am besten ist es, sich einfach mal in diese drei einzulesen und dann zu entscheiden, welche f\u00fcr das eigene Arbeiten am besten geeignet ist.<\/p>\n<hr \/>\n<p>(Angaben \u00fcber Verf\u00fcgbarkeit, Bestell-Nummern und Preise entsprechen dem Stand vom Oktober 2014 und k\u00f6nnen sich nat\u00fcrlich laufend \u00e4ndern)<\/p>\n<p>&nbsp;<\/p>\n","protected":false},"excerpt":{"rendered":"<p>Hier sind einige Buchempfehlungen. B\u00fccher, welche beim Bibelstudium von grossem Nutzen sind. Die B\u00fccher sind entweder f\u00fcr das Arbeiten an Bibelb\u00fcchern von Nutzen, oder aber um sich Hintergrundwissen anzueignen oder es zu vertiefen. In der Regel sind diese B\u00fccher sind nicht kompliziert, fordern aber doch zum aktiven Mitdenken auf. Sie sind sprachlich gut verst\u00e4ndlich und &hellip; <a href=\"http:\/\/bibelstudium.ch\/b-sbs\/?page_id=21\" class=\"more-link\"><span class=\"screen-reader-text\">literatur<\/span> weiterlesen <span class=\"meta-nav\">&rarr;<\/span><\/a><\/p>\n","protected":false},"author":1,"featured_media":0,"parent":2,"menu_order":1,"comment_status":"closed","ping_status":"closed","template":"","meta":[],"_links":{"self":[{"href":"http:\/\/bibelstudium.ch\/b-sbs\/index.php?rest_route=\/wp\/v2\/pages\/21"}],"collection":[{"href":"http:\/\/bibelstudium.ch\/b-sbs\/index.php?rest_route=\/wp\/v2\/pages"}],"about":[{"href":"http:\/\/bibelstudium.ch\/b-sbs\/index.php?rest_route=\/wp\/v2\/types\/page"}],"author":[{"embeddable":true,"href":"http:\/\/bibelstudium.ch\/b-sbs\/index.php?rest_route=\/wp\/v2\/users\/1"}],"replies":[{"embeddable":true,"href":"http:\/\/bibelstudium.ch\/b-sbs\/index.php?rest_route=%2Fwp%2Fv2%2Fcomments&post=21"}],"version-history":[{"count":15,"href":"http:\/\/bibelstudium.ch\/b-sbs\/index.php?rest_route=\/wp\/v2\/pages\/21\/revisions"}],"predecessor-version":[{"id":224,"href":"http:\/\/bibelstudium.ch\/b-sbs\/index.php?rest_route=\/wp\/v2\/pages\/21\/revisions\/224"}],"up":[{"embeddable":true,"href":"http:\/\/bibelstudium.ch\/b-sbs\/index.php?rest_route=\/wp\/v2\/pages\/2"}],"wp:attachment":[{"href":"http:\/\/bibelstudium.ch\/b-sbs\/index.php?rest_route=%2Fwp%2Fv2%2Fmedia&parent=21"}],"curies":[{"name":"wp","href":"https:\/\/api.w.org\/{rel}","templated":true}]}}