{"id":23,"date":"2014-09-23T16:26:11","date_gmt":"2014-09-23T14:26:11","guid":{"rendered":"http:\/\/bibelstudium.ch\/b-sbs\/?page_id=23"},"modified":"2023-11-05T19:55:35","modified_gmt":"2023-11-05T17:55:35","slug":"software","status":"publish","type":"page","link":"http:\/\/bibelstudium.ch\/b-sbs\/?page_id=23","title":{"rendered":"software"},"content":{"rendered":"<h4><a href=\"http:\/\/bibelstudium.ch\/b-sbs\/wp-content\/uploads\/2014\/09\/Bibel-m-Software-156px.png\"><img decoding=\"async\" loading=\"lazy\" class=\"alignleft wp-image-190 size-full\" src=\"http:\/\/bibelstudium.ch\/b-sbs\/wp-content\/uploads\/2014\/09\/Bibel-m-Software-156px.png\" alt=\"Bibel-m-Software-156px\" width=\"156\" height=\"156\" srcset=\"http:\/\/bibelstudium.ch\/b-sbs\/wp-content\/uploads\/2014\/09\/Bibel-m-Software-156px.png 156w, http:\/\/bibelstudium.ch\/b-sbs\/wp-content\/uploads\/2014\/09\/Bibel-m-Software-156px-150x150.png 150w\" sizes=\"(max-width: 156px) 100vw, 156px\" \/><\/a>Elektronisch oder Papier ?<\/h4>\n<p>Ohne Computer (oder Tablets, e-Reader und Smartphones) geht auch im Bibelstudium immer weniger. Sicher, sie ersetzen die B\u00fccher nicht immer vollst\u00e4ndig, aber sie sind handlicher und eine Bibliothek mit 60 B\u00fcchern auf dem PC ist sicher leichter zu tragen als dieselben 60 B\u00fccher im Papierformat &#8211; wenn sie denn noch erh\u00e4ltlich sind.<br \/>\nDas Lesen der Bibel in gr\u00f6sseren Abschnitten auf dem Computer ist sicher nicht so empfehlenswert, vor allem wenn man dabei noch gem\u00fctlich in der H\u00e4ngematte schaukeln m\u00f6chte. Auch geht dabei meist das visuelle &#8222;Schriftbild&#8220; verloren, das uns ja im Lesen und wieder finden auch unterst\u00fctzt.<br \/>\nF\u00fcr das Studium allerdings und das Nachschlagen von Informationen ist es sicher einfacher und schneller am Computer, vorausgesetzt man ist gewohnt diesen auch effizient bedienen zu k\u00f6nnen.<br \/>\nDarum hier einige Vorschl\u00e4ge zu m\u00f6glicher Software (es gibt noch viel mehr &#8230;). Wir haben dabei auf drei Kategorien geachtet: Preislich extrem g\u00fcnstig (Gratis oder freiwilliger Beitrag), preislich gegen 100.- bis maximal 200.- SFr, und preislich in der Oberklasse, nach oben offen.<\/p>\n<h4>\u00a0GRATIS &#8211; G\u00dcNSTIG &#8211; EINFACH<\/h4>\n<p><strong><a href=\"http:\/\/bibelstudium.ch\/b-sbs\/wp-content\/uploads\/2014\/09\/bi-soft-esword.jpg\"><img decoding=\"async\" loading=\"lazy\" class=\"alignleft wp-image-196 size-full\" src=\"http:\/\/bibelstudium.ch\/b-sbs\/wp-content\/uploads\/2014\/09\/bi-soft-esword.jpg\" alt=\"bi-soft-esword\" width=\"130\" height=\"130\" \/><\/a>e-sword &#8211; immer besser<\/strong><br \/>\nDas seit vielen Jahren bekannte Programm e-sword ist\u00a0 auch mit einer Deutschen Programmoberfl\u00e4che erh\u00e4ltlich (und in weiteren Sprachen). Die meisten B\u00fccher die sich damit lesen und absuchen lassen, sind nach wie vor englische, aber es sind auch deutsche Bibel\u00fcbersetzungen erh\u00e4ltlich. Die Oberfl\u00e4che ist gut durchdacht und es l\u00e4sst sich einfach und rasch damit arbeiten.<br \/>\nDer Aufbau ist modular, d.h. es lassen sich einzelne Module direkt aus der Bibliotheks-Funktion des Programms herunterladen. Eine grosse Anzahl ist gratis verf\u00fcgbar, weitere Module k\u00f6nnen auch gekauft werden.<br \/>\nWebseite: <a href=\"http:\/\/www.e-sword.net\" target=\"_blank\" rel=\"noopener\">www.e-sword.net<\/a> (Webseite nur Englisch)<br \/>\nPreis: Gratis &#8211; Der Herausgeber braucht aber auch etwas zum Leben &#8230;<br \/>\n(Windows)<\/p>\n<p><strong><a href=\"http:\/\/bibelstudium.ch\/b-sbs\/wp-content\/uploads\/2014\/09\/bi-soft-theword.jpg\"><img decoding=\"async\" loading=\"lazy\" class=\"alignleft wp-image-202 size-full\" src=\"http:\/\/bibelstudium.ch\/b-sbs\/wp-content\/uploads\/2014\/09\/bi-soft-theword.jpg\" alt=\"bi-soft-theword\" width=\"130\" height=\"130\" \/><\/a>theword &#8211; \u00e4hnlich wie e-sword<\/strong><br \/>\nNur um einiges flexibler in der Darstellung wie auch in der Handhabung. Von jemandem in Griechenland geschriebenes Windows-Programm, das aber sehr schnell, stabil und leistungsf\u00e4hig ist. Grosser Vorteil gegen\u00fcber e-sword: Es lassen sich sogar eigene Module erstellen (z.B. Altlas mit eigenen Karten) und dann in das Programm einbinden. Etliche solcher &#8222;Module&#8220; die von Nutzern erstellt wurden sind auch im Internet verf\u00fcgbar.<br \/>\nNat\u00fcrlich ist die Oberfl\u00e4che auch in verschiedene Sprachen umstellbar, und viele Module sind frei erh\u00e4ltlich, oder es lassen sich solche dazu kaufen.<br \/>\nWebseite: <a href=\"http:\/\/www.theword.net\" target=\"_blank\" rel=\"noopener\">www.theword.net<\/a> (Webseite Englisch &amp; Griechisch &#8230;)<br \/>\nPreis: Gratis &#8211; aber auch hier m\u00f6chte der Programmierer irgendwie leben &#8230;<\/p>\n<p><strong><a href=\"http:\/\/bibelstudium.ch\/b-sbs\/wp-content\/uploads\/2014\/09\/bi-soft-olivetree.jpg\"><img decoding=\"async\" loading=\"lazy\" class=\"alignleft wp-image-198 size-full\" src=\"http:\/\/bibelstudium.ch\/b-sbs\/wp-content\/uploads\/2014\/09\/bi-soft-olivetree.jpg\" alt=\"bi-soft-olivetree\" width=\"130\" height=\"130\" \/><\/a>Olive-Tree Bible<\/strong><br \/>\nF\u00fcr verschiedene Plattformen erh\u00e4ltlich. Sie ist nicht in allen Betriebssystemen ganz gratis, aber sehr g\u00fcnstig und bietet wie die zwei oben genannten Programme viele Module an. Olive-Tree Bible gibt es auch schon lange, fr\u00fcher die f\u00fchrende Bibel auf den Palm-Handheld Ger\u00e4ten. Heute ist sie f\u00fcr Mac, Windows, iOs und Android erh\u00e4ltlich ja sogar f\u00fcr den Kindle e-Reader gibt es sie. Sie l\u00e4uft auf allen Systemen stabil und zuverl\u00e4ssig.<br \/>\nWebseite: <a href=\"http:\/\/www.olivetree.com\" target=\"_blank\" rel=\"noopener\">www.olivetree.com<\/a><br \/>\nPreis: Gratis bis fast Gratis &#8211; bitte auf der Webseite nachsehen.<\/p>\n<p><strong><a href=\"http:\/\/bibelstudium.ch\/b-sbs\/wp-content\/uploads\/2014\/09\/bi-soft-online-bib.jpg\"><img decoding=\"async\" loading=\"lazy\" class=\"alignleft wp-image-199 size-full\" src=\"http:\/\/bibelstudium.ch\/b-sbs\/wp-content\/uploads\/2014\/09\/bi-soft-online-bib.jpg\" alt=\"bi-soft-online-bib\" width=\"130\" height=\"130\" \/><\/a>Die Online-Bibel &#8211; schneller Veteran<\/strong><br \/>\nDie Online Bibel existiert schon Jahrzehntelang. Sie war das erste deutschsprachige Bibelprogamm das frei verf\u00fcgbar war. Mittlerweile sind nat\u00fcrlich immer mehr Funktionen und Module hinzugekommen, so dass man damit ganz gut arbeiten kann. Ein Nachteil ist, dass es nur wenig frei verf\u00fcgbare Module gibt, und die sind auch ziemlich alt (alte Texte). Will man also &#8222;seri\u00f6s&#8220; damit arbeiten bleibt nur der Kauf einzelner Module.<br \/>\nDie Darstellung ist ziemlich altmodisch (noch aus der Zeit von Win95 und Win98), aber daf\u00fcr ist sie schnell und nach etwas Einarbeitung auch einfach zu bedienen (super f\u00fcr Tasten-Freaks).<br \/>\nSeit einiger Zeit gibt es f\u00fcr diese Module nun auch eine App f\u00fcr das I-Phone und f\u00fcr Android-Smartphones &#8230; die habe ich allerdings noch nicht getestet.<br \/>\nWebseite: <a href=\"http:\/\/www.onlinebibel.org\" target=\"_blank\" rel=\"noopener\">www.onlinebibel.org<\/a><br \/>\nPreis: Gratis f\u00fcr die Grundversion, Module kosten um die 30-40 SFr.<br \/>\n(Windows, iOs, Android)<\/p>\n<p><strong><a href=\"http:\/\/bibelstudium.ch\/b-sbs\/wp-content\/uploads\/2014\/09\/bi-soft-crosswire.jpg\"><img decoding=\"async\" loading=\"lazy\" class=\"alignleft wp-image-194 size-full\" src=\"http:\/\/bibelstudium.ch\/b-sbs\/wp-content\/uploads\/2014\/09\/bi-soft-crosswire.jpg\" alt=\"bi-soft-crosswire\" width=\"130\" height=\"130\" \/><\/a>Crosswire &#8211; die Fundgrube<\/strong><br \/>\nUnter der untenstehenden Adressen finden sich sehr viele verschiedene Bibel-Versionen f\u00fcr PC oder MAC, f\u00fcr LINUX oder auch f\u00fcr Handheld-Ger\u00e4te.<br \/>\nSword, Bibledesktop und MAC-Sword sind sicher zu empfehlen, aber es finden sich noch viele andere Programme die hilfreich sind. Bei einigen hat es deutsche Bibeltexte dazu, bei anderen nicht. Basis ist immer Englisch, manchmal ist die Programmoberfl\u00e4che auch umschaltbar in andere Sprachen, dann ist meistens auch Deutsch dabei, aber eben, nur das Programm, nicht die B\u00fccher.<br \/>\nEtwas f\u00fcr PC-orientierte Menschen, die Zeit zum pr\u00fcfen und probieren haben.<br \/>\nWebseite: <a href=\"http:\/\/www.crosswire.org\" target=\"_blank\" rel=\"noopener\">www.crosswire.org<\/a><br \/>\nPreis: In der Regel frei verf\u00fcgbar und nur freiwillige Betr\u00e4ge erw\u00fcnscht bei regelm\u00e4ssiger Nutzung.<br \/>\n(Windows, Mac, Linux, Android)<\/p>\n<p><strong>Die Bibel auf CD-Rom<\/strong><br \/>\nEinfache Software mit Suchfunktionen und dem Lexikon &#8222;Wer ist wer in der Bibel&#8220;. Textversion ist die revidierte Elberfelder \u00dcbersetzung. Nebst einfachen Such- und Nachschlagefunktionen kann der Text auch \u00fcber die Zwischenablage in Windows Textverarbeitungen \u00fcbernommen werden.<br \/>\nWebseite: <a href=\"http:\/\/www.elbiwin.de\" target=\"_blank\" rel=\"noopener\">www.elbiwin.de<\/a> (am einfachsten)<br \/>\nPreis: 5 Euro<br \/>\nVerlag: SCM R.Brockhaus<br \/>\n(Windows)<\/p>\n<h4>PREISWERT UND F\u00dcR GUTES ARBEITEN<\/h4>\n<p><strong><a href=\"http:\/\/bibelstudium.ch\/b-sbs\/wp-content\/uploads\/2014\/09\/bi-soft-elbiwin.jpg\"><img decoding=\"async\" loading=\"lazy\" class=\"alignleft wp-image-195 size-full\" src=\"http:\/\/bibelstudium.ch\/b-sbs\/wp-content\/uploads\/2014\/09\/bi-soft-elbiwin.jpg\" alt=\"bi-soft-elbiwin\" width=\"130\" height=\"130\" \/><\/a>Elbiwin Version 10 &#8211; gut und ausbaufa\u0308hig<\/strong><br \/>\nDas Programm besteht aus der gleichen Arbeitsoberfl\u00e4che wie die Quadro-Bibel, nur sind weniger Bibel\u00fcbersetzungen enthalten. Module lassen sich jederzeit dazu kaufen so dass man sich ein umfangreiches Studier-Paket zusammenstellen kann.<br \/>\nEnthalten sind: Elberfelder Bibel (2006 und 1905), Erkl\u00e4rungen zur Elberfelder Bibel, Grosse Konkordanz zur Elberfelder, &#8222;Wer ist wer in der Bibel&#8220;, Bibelkunde Einleitung zum Neuen Testament, Das grosse Buch zur stillen Zeit.<br \/>\nWebseite: <a href=\"http:\/\/www.elbiwin.de\" target=\"_blank\" rel=\"noopener\">www.elbiwin.de<\/a> (am einfachsten)<br \/>\nIst aber auch im regul\u00e4ren Buchhandel erh\u00e4ltlich.<br \/>\nPreis: ca. 50 Euro<br \/>\nVerlag: SCM R.Brockhaus<br \/>\n(Windows)<\/p>\n<p><strong><a href=\"http:\/\/bibelstudium.ch\/b-sbs\/wp-content\/uploads\/2014\/09\/bi-soft-quadro.jpg\"><img decoding=\"async\" loading=\"lazy\" class=\"alignleft wp-image-200 size-full\" src=\"http:\/\/bibelstudium.ch\/b-sbs\/wp-content\/uploads\/2014\/09\/bi-soft-quadro.jpg\" alt=\"bi-soft-quadro\" width=\"130\" height=\"130\" \/><\/a>Die Quadro-Bibel 4.0 &#8211; deutschprachiger Quasi-Standard<\/strong><br \/>\nDie Quadro Bibel existiert schon recht lange. Die Programmoberfla\u0308che wird von Matthias Frey (www.bibeldigital.de) entwickelt und der Support wird auch von ihm gewa\u0308hrleistet (sehr kompetent und schnell). Die Quadro-Bibel entha\u0308lt die vier bekanntesten deutschen Bibel\u00fcbersetzungen und noch Lexika und einiges mehr. Nat\u00fcrlich ist sie modular aufgebaut, kann also mit verschiedenen Modulen erweitert werden. Die Kombination mit Elbiwin 10 oder Bibeldigital ist ebenfalls m\u00f6glich.<br \/>\nEnthaltene Module: Lutherbibel 1984 (durchgesehene Version 1999), Gute Nachricht (2000), Einheits\u00fcbersetzung, Elberfelder (2006), Neue Z\u00fcrcher Bibel, Lexikon zur Bibel (Rienecker\/Maier)<br \/>\nWebseite: <a href=\"http:\/\/www.elbiwin.de\" target=\"_blank\" rel=\"noopener\">www.elbiwin.de<\/a> (am einfachsten) ist auch im regul\u00e4ren Buchhandel erh\u00e4ltlich<br \/>\nPreis: ca. 99 Euro<br \/>\n(Windows)<\/p>\n<p><strong><a href=\"http:\/\/bibelstudium.ch\/b-sbs\/wp-content\/uploads\/2014\/09\/bi-soft-bibeldigital.jpg\"><img decoding=\"async\" loading=\"lazy\" class=\"alignleft wp-image-192 size-full\" src=\"http:\/\/bibelstudium.ch\/b-sbs\/wp-content\/uploads\/2014\/09\/bi-soft-bibeldigital.jpg\" alt=\"bi-soft-bibeldigital\" width=\"130\" height=\"130\" \/><\/a>BibelDigital &#8211; noch etwas mehr gew\u00fcnscht?<\/strong><br \/>\nDie bew\u00e4hrte und durchdachte Software von Matthias Frey in anderen oder weiteren Modulen kombiniert. Die Reihe &#8222;Bibeldigital&#8220; wird von der Deutschen Bibelgesellschaft herausgegeben und es sind verschiedene &#8222;Pakete&#8220; erh\u00e4ltich. Insgesamt stehen ca. 50 Bibel\u00fcbersetzungen und erg\u00e4nzende Programm-Module zur Verf\u00fcgung.<br \/>\nAm besten informieren Sie sich selber auf den folgenden Webseiten:<br \/>\nBibeldigital:\u00a0 <a href=\"http:\/\/www.bibeldigital.de\" target=\"_blank\" rel=\"noopener\">www.bibeldigital.de<\/a><br \/>\nBibelgesellschaft:\u00a0 <a href=\"http:\/\/www.bibelonline.de\" target=\"_blank\" rel=\"noopener\">www.bibelonline.de<\/a><br \/>\nDie Module lassen sich auch direkt per Internet herunterladen und installieren &#8211; vorausgesetzt, dass man sie zuerst bezahlt. Die Kosten sind dann allerdings g\u00fcnstiger als der Kauf \u00fcber den Buchhandel.<br \/>\nPreis: ab ca. 50 Euro bis 100 Euro f\u00fcr komplette Pakete, f\u00fcr Preise der Module, bitte im Internet nachschauen. Verlag: Deutsche Bibelgesellschaft<br \/>\n(Windows)<\/p>\n<p><strong>Der neue PC-Bibelatlas &#8211; Kartenmaterial auf dem PC<\/strong><br \/>\nDer PC-Bibelatlas l\u00e4sst die Karten am PC nutzbar werden. Nachschlagen, lernen, suchen, vertiefen, in eigene Textverarbeitungen kopieren&#8230; all das ist m\u00f6glich, und macht das Bibelstudium sicher interessanter.<br \/>\nViele Themenkarten sind ebenfalls enthalten, ebenso wie ein integriertes Ortslexikon, und auch die revidierte Elberfelder \u00dcbersetzung (2006)<br \/>\nWebseite: <a href=\"http:\/\/www.elbiwin.de\" target=\"_blank\" rel=\"noopener\">www.elbiwin.de<\/a> (am einfachsten)<br \/>\nPreis: ca. 25 Euro<br \/>\nVerlag: SCM R.Brockhaus<br \/>\n(Windows)<\/p>\n<p><strong>Basiswissen Kirchengeschichte<\/strong><br \/>\nDie drei erfolgreichen Studienb\u00fccher zu 2000 Jahren Kirchengeschichte sind auf dieser CD-Rom zusammengef\u00fcgt. Nachschlagen, lernen und einiges mehr ist mit diesem Programm m\u00f6glich. Das Modul kann auch in die Programme &#8222;Quadro-Bibel&#8220;, &#8222;Elbiwin&#8220;, und &#8222;BibelDigital&#8220; integriert werden.<br \/>\nWebseite: <a href=\"http:\/\/www.elbiwin.de\" target=\"_blank\" rel=\"noopener\">www.elbiwin.de<\/a> (am einfachsten) oder im regul\u00e4ren Buchhandel<br \/>\nPreis: 19 Euro<br \/>\nVerlag: SCM R.Brockhaus<br \/>\n(Windows)<\/p>\n<h4>ERNSTHAFTES STUDIUM &#8211; TEURE LIGA<\/h4>\n<p><em>Diese Programme lassen sich in der Regel nicht &#8222;schnell, schnell&#8220; verwenden, sondern verlangen nach einer guten Einarbeitung. Daf\u00fcr wird man aber mit einem enormen Leistungsumfang belohnt &#8230;<\/em><\/p>\n<p><strong><a href=\"http:\/\/bibelstudium.ch\/b-sbs\/wp-content\/uploads\/2014\/09\/bi-soft-logos.jpg\"><img decoding=\"async\" loading=\"lazy\" class=\"alignleft wp-image-197 size-full\" src=\"http:\/\/bibelstudium.ch\/b-sbs\/wp-content\/uploads\/2014\/09\/bi-soft-logos.jpg\" alt=\"bi-soft-logos\" width=\"130\" height=\"130\" \/><\/a>Die Logos oder Libronix-Bibel &#8211; englisch und deutsch<\/strong><br \/>\nDieselbe Oberfl\u00e4che wie auch in der SESB, aber andere B\u00fccher und Module. Die Logos Bibel gibt es in vielen Paketen zu kaufen, die auf unterschiedliche Benutzerbed\u00fcrfnisse ausgerichtet sind.<br \/>\nDie Arbeitsoberfl\u00e4che l\u00e4sst sich vom Englischen zum Deutschen umstellen, aber die Buchinhalte sind je nach Modul nat\u00fcrlich nach wie vor in Englisch oder Deutsch.<br \/>\nZur Logos-Bibel gibt es dasselbe wie zur SESB zu sagen: m\u00e4chtig, heraufordernd, recht teuer, aber f\u00fcr den Profi einfach super.<br \/>\nF\u00fcr Informationen \u00fcber die einzelnen Pakete oder Module informieren Sie sich am besten auf der Logos- Webseite, wo es \u00fcbrigens einen eigenen Bereich f\u00fcr Fremdsprachige Kunden hat (sprich: Franz\u00f6sisch oder Deutsch).<br \/>\nWebseite: <a href=\"http:\/\/www.logos.com\" target=\"_blank\" rel=\"noopener\">www.logos.com<\/a><br \/>\nPreis: ab ca. 150 US-$ bis zu knapp 5&#8217;000 US-$<br \/>\n(Windows, Mac, iOs, Android)<\/p>\n<p><a href=\"http:\/\/bibelstudium.ch\/b-sbs\/wp-content\/uploads\/2023\/11\/Accordance.png\"><img decoding=\"async\" loading=\"lazy\" class=\"alignleft wp-image-249 size-full\" src=\"http:\/\/bibelstudium.ch\/b-sbs\/wp-content\/uploads\/2023\/11\/Accordance.png\" alt=\"\" width=\"130\" height=\"130\" \/><\/a><strong>Accordance Bible Software &#8211; Englisch, Deutsch &amp; mehr<\/strong><br \/>\nBei Accordance ist in den letzten Jahren sehr viel weiter entwickelt worden. Urspr\u00fcnglich f\u00fcr den Macintosh entwickelt (1988) hat es sich inzwischen zu einer plattform\u00fcbergreifenden Software mit enorm grossem Funktionsumfang entwickelt. Es spielt in derselben Liga wie Logos und bietet eine enorme Vielfalt von Nachschlagewerken und Bibeln an, wie auch m\u00e4chtige und sehr gut durchdachte Suchwerzeuge. Wie bei Logos verlangt es aber auch nach einer intensiven Einarbeitung, um damit effizient und zielsicher arbeiten zu k\u00f6nnen.<br \/>\nWebseite: <a href=\"http:\/\/www.accordancebible.com\">www.accordancebible.com<\/a><br \/>\nPreis: ab ca. 50 US-$ bis in die Gegend von 5000 US-$<br \/>\n(Windows, Mac, iOs, Android)<\/p>\n<p><strong><a href=\"http:\/\/bibelstudium.ch\/b-sbs\/wp-content\/uploads\/2014\/09\/bi-soft-sesb.jpg\"><img decoding=\"async\" loading=\"lazy\" class=\"alignleft wp-image-201 size-full\" src=\"http:\/\/bibelstudium.ch\/b-sbs\/wp-content\/uploads\/2014\/09\/bi-soft-sesb.jpg\" alt=\"bi-soft-sesb\" width=\"130\" height=\"130\" \/><\/a>Stuttgarter Elektronische Studien Bibel &#8211; kurz: SESB<br \/>\nACHTUNG &#8211; <\/strong>die SESB ist kaum mehr erh\u00e4ltlich und wird auch nicht mehr aktiv unterst\u00fctzt. Wer sie noch hat, kann die Module in der LOGOS Bibelsoftware integrieren lassen. Wer m\u00f6chte kann auf den mittlerweile recht grosse Umfang an deutschsprachigen Werken bei der LOGOS Bibel zur\u00fcckgreifen.<br \/>\nWeitere Infos bei der LOGOS Software (Windows, Mac, iOs, Android)<\/p>\n<p><strong><a href=\"http:\/\/bibelstudium.ch\/b-sbs\/wp-content\/uploads\/2014\/09\/bi-soft-bibleworks.jpg\"><img decoding=\"async\" loading=\"lazy\" class=\"alignleft wp-image-193 size-full\" src=\"http:\/\/bibelstudium.ch\/b-sbs\/wp-content\/uploads\/2014\/09\/bi-soft-bibleworks.jpg\" alt=\"bi-soft-bibleworks\" width=\"130\" height=\"130\" \/><\/a>Bibleworks 9.0 &#8211; das Monsterpaket<\/strong><br \/>\nDieses Software ist in der gleichen Liga wie SESB oder Logos zu finden, allerdings mit demselben Schicksal wie die SESB. Sie ist nicht mehr im Verkauf oder h\u00f6chstens noch gebraucht erh\u00e4ltlich.<br \/>\nEin m\u00e4chtiges Programm, aber eben mit einen eoL Kleber dran (end of Life) (Windows)<\/p>\n<h4>UND SCHLIESSLICH NOCH &#8211; ONLINE PERMANENT<\/h4>\n<p>Nat\u00fcrlich gibt es da bei diesen Anbietern teilweise auch Online-L\u00f6sungen, aber die wohl am besten bekannte L\u00f6sung ist der BIBLESERVER. (<a href=\"http:\/\/www.bibleserver.com\" target=\"_blank\" rel=\"noopener\">www.bibleserver.com<\/a>)<br \/>\nEinfach mit dem Browser die Webseite anw\u00e4hlen und viele Funktionen gleich online nutzen &#8211; bedingt nat\u00fcrlich eine Internet-Verbindung.<\/p>\n","protected":false},"excerpt":{"rendered":"<p>Elektronisch oder Papier ? Ohne Computer (oder Tablets, e-Reader und Smartphones) geht auch im Bibelstudium immer weniger. Sicher, sie ersetzen die B\u00fccher nicht immer vollst\u00e4ndig, aber sie sind handlicher und eine Bibliothek mit 60 B\u00fcchern auf dem PC ist sicher leichter zu tragen als dieselben 60 B\u00fccher im Papierformat &#8211; wenn sie denn noch erh\u00e4ltlich &hellip; <a href=\"http:\/\/bibelstudium.ch\/b-sbs\/?page_id=23\" class=\"more-link\"><span class=\"screen-reader-text\">software<\/span> weiterlesen <span class=\"meta-nav\">&rarr;<\/span><\/a><\/p>\n","protected":false},"author":1,"featured_media":0,"parent":2,"menu_order":3,"comment_status":"closed","ping_status":"closed","template":"","meta":[],"_links":{"self":[{"href":"http:\/\/bibelstudium.ch\/b-sbs\/index.php?rest_route=\/wp\/v2\/pages\/23"}],"collection":[{"href":"http:\/\/bibelstudium.ch\/b-sbs\/index.php?rest_route=\/wp\/v2\/pages"}],"about":[{"href":"http:\/\/bibelstudium.ch\/b-sbs\/index.php?rest_route=\/wp\/v2\/types\/page"}],"author":[{"embeddable":true,"href":"http:\/\/bibelstudium.ch\/b-sbs\/index.php?rest_route=\/wp\/v2\/users\/1"}],"replies":[{"embeddable":true,"href":"http:\/\/bibelstudium.ch\/b-sbs\/index.php?rest_route=%2Fwp%2Fv2%2Fcomments&post=23"}],"version-history":[{"count":13,"href":"http:\/\/bibelstudium.ch\/b-sbs\/index.php?rest_route=\/wp\/v2\/pages\/23\/revisions"}],"predecessor-version":[{"id":252,"href":"http:\/\/bibelstudium.ch\/b-sbs\/index.php?rest_route=\/wp\/v2\/pages\/23\/revisions\/252"}],"up":[{"embeddable":true,"href":"http:\/\/bibelstudium.ch\/b-sbs\/index.php?rest_route=\/wp\/v2\/pages\/2"}],"wp:attachment":[{"href":"http:\/\/bibelstudium.ch\/b-sbs\/index.php?rest_route=%2Fwp%2Fv2%2Fmedia&parent=23"}],"curies":[{"name":"wp","href":"https:\/\/api.w.org\/{rel}","templated":true}]}}